{"id":211,"date":"2023-01-20T14:20:27","date_gmt":"2023-01-20T14:20:27","guid":{"rendered":"https:\/\/demos.themeansar.com\/blogus\/lite\/?page_id=211"},"modified":"2024-03-08T15:02:40","modified_gmt":"2024-03-08T18:02:40","slug":"tags","status":"publish","type":"page","link":"https:\/\/dejogoemjogo.com\/?page_id=211","title":{"rendered":"Prop\u00f3sito"},"content":{"rendered":"\n<figure class=\"wp-block-image size-large\"><img loading=\"lazy\" decoding=\"async\" width=\"1125\" height=\"703\" src=\"https:\/\/dejogoemjogo.com\/wp-content\/uploads\/2024\/03\/dejogoemjogo-edited.jpg\" alt=\"\" class=\"wp-image-262\" srcset=\"https:\/\/dejogoemjogo.com\/wp-content\/uploads\/2024\/03\/dejogoemjogo-edited.jpg 1125w, https:\/\/dejogoemjogo.com\/wp-content\/uploads\/2024\/03\/dejogoemjogo-edited-300x187.jpg 300w, https:\/\/dejogoemjogo.com\/wp-content\/uploads\/2024\/03\/dejogoemjogo-edited-1024x640.jpg 1024w, https:\/\/dejogoemjogo.com\/wp-content\/uploads\/2024\/03\/dejogoemjogo-edited-768x480.jpg 768w\" sizes=\"auto, (max-width: 1125px) 100vw, 1125px\" \/><\/figure>\n\n\n\n<p class=\"has-vivid-purple-color has-text-color has-link-color has-large-font-size wp-elements-14391184b46f31ae7a6221e0d55a96e4\"><strong>Somos o Roger a Fabi!<br>Bem vindos ao De Jogo em Jogo!<\/strong><\/p>\n\n\n\n<p class=\"has-black-color has-text-color has-link-color wp-elements-2d066ed0b5ef086c0b8b812a906c5145\"><br>Criar um canal de jogos de tabuleiro foi mais do que uma simples decis\u00e3o!<br>Foi uma escolha para trazer de volta a intera\u00e7\u00e3o humana em um mundo que, por vezes, nos<strong> conduz no autom\u00e1tico.<\/strong><br><br>Em meio \u00e0 correria cotidiana, muitas vezes esquecemos o qu\u00e3o importante \u00e9 escapar da nossa rotina e estar verdadeiramente presente, <strong>vivendo momentos aut\u00eanticos com nossos amigos<\/strong>. <br><br>Os jogos de tabuleiro modernos s\u00e3o a nossa forma preferida para essa jornada, uma vez que proporcionam n\u00e3o apenas divers\u00e3o, mas uma oportunidade de <strong>aprofundar rela\u00e7\u00f5es, compartilhar risadas e, o mais importante, recuperar o controle sobre n\u00f3s<\/strong>. <br><br>Este canal nasceu da convic\u00e7\u00e3o de que, ao nos desconectarmos momentaneamente do virtual, podemos reconectar-nos com as pessoas ao nosso redor. Afinal, <strong>a vida \u00e9 feita de intera\u00e7\u00f5es reais<\/strong>, e \u00e9 exatamente isso que buscamos aqui &#8211; a possibilidade de ter sua vida de volta, interagindo de maneira aut\u00eantica com aqueles que voc\u00ea ama!<\/p>\n","protected":false},"excerpt":{"rendered":"<p>Somos o Roger a Fabi!Bem vindos ao De Jogo em Jogo! Criar um canal de jogos de tabuleiro foi mais do que uma simples decis\u00e3o!Foi uma escolha para trazer de volta a intera\u00e7\u00e3o humana em um mundo que, por vezes, nos conduz no autom\u00e1tico. Em meio \u00e0 correria cotidiana, muitas vezes esquecemos o qu\u00e3o importante [&hellip;]<\/p>\n","protected":false},"author":1,"featured_media":0,"parent":0,"menu_order":0,"comment_status":"closed","ping_status":"closed","template":"","meta":{"footnotes":""},"class_list":["post-211","page","type-page","status-publish","hentry"],"_links":{"self":[{"href":"https:\/\/dejogoemjogo.com\/index.php?rest_route=\/wp\/v2\/pages\/211","targetHints":{"allow":["GET"]}}],"collection":[{"href":"https:\/\/dejogoemjogo.com\/index.php?rest_route=\/wp\/v2\/pages"}],"about":[{"href":"https:\/\/dejogoemjogo.com\/index.php?rest_route=\/wp\/v2\/types\/page"}],"author":[{"embeddable":true,"href":"https:\/\/dejogoemjogo.com\/index.php?rest_route=\/wp\/v2\/users\/1"}],"replies":[{"embeddable":true,"href":"https:\/\/dejogoemjogo.com\/index.php?rest_route=%2Fwp%2Fv2%2Fcomments&post=211"}],"version-history":[{"count":4,"href":"https:\/\/dejogoemjogo.com\/index.php?rest_route=\/wp\/v2\/pages\/211\/revisions"}],"predecessor-version":[{"id":266,"href":"https:\/\/dejogoemjogo.com\/index.php?rest_route=\/wp\/v2\/pages\/211\/revisions\/266"}],"wp:attachment":[{"href":"https:\/\/dejogoemjogo.com\/index.php?rest_route=%2Fwp%2Fv2%2Fmedia&parent=211"}],"curies":[{"name":"wp","href":"https:\/\/api.w.org\/{rel}","templated":true}]}}